{"id":109,"date":"2023-10-21T18:44:59","date_gmt":"2023-10-21T16:44:59","guid":{"rendered":"https:\/\/wedecorsdesign.com\/?page_id=109"},"modified":"2023-10-25T19:47:39","modified_gmt":"2023-10-25T17:47:39","slug":"servicios","status":"publish","type":"page","link":"https:\/\/wedecorsdesign.com\/index.php\/servicios\/","title":{"rendered":"Servicios"},"content":{"rendered":"\n<div class=\"wp-block-uagb-container uagb-block-36389615 alignfull uagb-is-root-container\"><div class=\"uagb-container-inner-blocks-wrap\">\n<div class=\"wp-block-uagb-advanced-heading uagb-block-48108f65\"><h1 class=\"uagb-heading-text\">Servicios<\/h1><p class=\"uagb-desc-text\">En We Decors, ofrecemos una gama de servicios que incluyen dise\u00f1o arquitect\u00f3nico, dise\u00f1o de interiores y visualizaci\u00f3n arquitect\u00f3nica tanto para proyectos comerciales, residenciales, corporativos y eventos (modelado 3D y renderizado). Ofrecemos asesor\u00edas virtuales y f\u00edsicas en diferentes pa\u00edses. Estamos comprometidos a superar las expectativas de nuestros clientes y a materializar sus ideas en proyectos arquitect\u00f3nicos y de dise\u00f1o de interiores de vanguardia.<\/p><\/div>\n<\/div><\/div>\n\n\n\n<div class=\"wp-block-uagb-container uagb-block-e668faeb alignfull uagb-is-root-container\"><div class=\"uagb-container-inner-blocks-wrap\">\n<div class=\"wp-block-uagb-image uagb-block-e2d1f9dc wp-block-uagb-image--layout-default wp-block-uagb-image--effect-static wp-block-uagb-image--align-none\"><figure class=\"wp-block-uagb-image__figure\"><img decoding=\"async\" srcset=\"https:\/\/wedecorsdesign.com\/wp-content\/uploads\/2023\/10\/salon-de-belleza-MAQUILLAJE-20231020-134105-2-1024x768.jpg ,https:\/\/wedecorsdesign.com\/wp-content\/uploads\/2023\/10\/salon-de-belleza-MAQUILLAJE-20231020-134105-2-scaled.jpg 780w, https:\/\/wedecorsdesign.com\/wp-content\/uploads\/2023\/10\/salon-de-belleza-MAQUILLAJE-20231020-134105-2-scaled.jpg 360w\" sizes=\"(max-width: 480px) 150px\" src=\"https:\/\/wedecorsdesign.com\/wp-content\/uploads\/2023\/10\/salon-de-belleza-MAQUILLAJE-20231020-134105-2-1024x768.jpg\" alt=\"\" class=\"uag-image-52\" width=\"1136\" height=\"768\" title=\"\" loading=\"lazy\"\/><\/figure><\/div>\n<\/div><\/div>\n\n\n\n<div class=\"wp-block-uagb-container uagb-block-bcf7a611 alignfull uagb-is-root-container\"><div class=\"uagb-container-inner-blocks-wrap\">\n<div class=\"wp-block-uagb-advanced-heading uagb-block-67119c09\"><h2 class=\"uagb-heading-text\">Qu\u00e9 ofrecemos?\u200b\u200b<\/h2><\/div>\n\n\n\n<div class=\"wp-block-uagb-container uagb-block-702f3723\">\n<div class=\"wp-block-uagb-container uagb-block-a4c196b9\">\n<div class=\"wp-block-uagb-info-box uagb-block-2de3857f uagb-infobox__content-wrap  uagb-infobox-icon-above-title uagb-infobox-image-valign-top\"><div class=\"uagb-ifb-content\"><div class=\"uagb-ifb-title-wrap\"><h3 class=\"uagb-ifb-title\">Dise\u00f1o de Interiores\u200b<\/h3><\/div><p class=\"uagb-ifb-desc\">Ofrecemos todos los servicios sobre el dise\u00f1o de interiores. <\/p><\/div><\/div>\n<\/div>\n\n\n\n<div class=\"wp-block-uagb-container uagb-block-26ffc6d5\">\n<div class=\"wp-block-uagb-info-box uagb-block-490a92c0 uagb-infobox__content-wrap  uagb-infobox-icon-above-title uagb-infobox-image-valign-top\"><div class=\"uagb-ifb-content\"><div class=\"uagb-ifb-title-wrap\"><h3 class=\"uagb-ifb-title\">Dise\u00f1o y Construcci\u00f3n<\/h3><\/div><p class=\"uagb-ifb-desc\">Dise\u00f1amos todo tipo de construcci\u00f3n arquitect\u00f3nica.<\/p><\/div><\/div>\n<\/div>\n\n\n\n<div class=\"wp-block-uagb-container uagb-block-2ed39dfc\">\n<div class=\"wp-block-uagb-info-box uagb-block-95514abd uagb-infobox__content-wrap  uagb-infobox-icon-above-title uagb-infobox-image-valign-top\"><div class=\"uagb-ifb-content\"><div class=\"uagb-ifb-title-wrap\"><h3 class=\"uagb-ifb-title\">Renovaci\u00f3n de Espacios<\/h3><\/div><p class=\"uagb-ifb-desc\">Logramos que tus espacios vuelvan a tomar vida.\u200b<\/p><\/div><\/div>\n<\/div>\n<\/div>\n\n\n\n<div class=\"wp-block-uagb-container uagb-block-4e754801\">\n<div class=\"wp-block-uagb-container uagb-block-646085cf\">\n<div class=\"wp-block-uagb-info-box uagb-block-d7d5c262 uagb-infobox__content-wrap  uagb-infobox-icon-above-title uagb-infobox-image-valign-top\"><div class=\"uagb-ifb-content\"><div class=\"uagb-ifb-title-wrap\"><h3 class=\"uagb-ifb-title\">Modelado para Eventos <\/h3><\/div><p class=\"uagb-ifb-desc\">Realizamos modelados 3D para tus eventos.\u200b<\/p><\/div><\/div>\n<\/div>\n\n\n\n<div class=\"wp-block-uagb-container uagb-block-136a298b\">\n<div class=\"wp-block-uagb-info-box uagb-block-28963416 uagb-infobox__content-wrap  uagb-infobox-icon-above-title uagb-infobox-image-valign-top\"><div class=\"uagb-ifb-content\"><div class=\"uagb-ifb-title-wrap\"><h3 class=\"uagb-ifb-title\">Asesor\u00edas Virtuales<\/h3><\/div><p class=\"uagb-ifb-desc\">Damos asesor\u00edas virtuales para todos los clientes alrededor del mundo.\u200b<\/p><\/div><\/div>\n<\/div>\n\n\n\n<div class=\"wp-block-uagb-container uagb-block-b598a1f7\">\n<div class=\"wp-block-uagb-info-box uagb-block-b9d21f5f uagb-infobox__content-wrap  uagb-infobox-icon-above-title uagb-infobox-image-valign-top\"><div class=\"uagb-ifb-content\"><div class=\"uagb-ifb-title-wrap\"><h3 class=\"uagb-ifb-title\">Consultas Gratis<\/h3><\/div><p class=\"uagb-ifb-desc\">Estamos disponibles para usted para cualquier consulta b\u00e1sica que tenga sobre sus proyectos.\u200b<\/p><\/div><\/div>\n<\/div>\n<\/div>\n<\/div><\/div>\n\n\n\n<div class=\"wp-block-uagb-container uagb-block-2aba3826 alignfull uagb-is-root-container\"><div class=\"uagb-container-inner-blocks-wrap\">\n<div class=\"wp-block-columns is-layout-flex wp-container-3 wp-block-columns-is-layout-flex\">\n<div class=\"wp-block-column is-layout-flow wp-block-column-is-layout-flow\" style=\"flex-basis:50%\">\n<div class=\"wp-block-uagb-container uagb-block-ae4c6737\">\n<figure class=\"wp-block-image size-large is-resized\"><img decoding=\"async\" loading=\"lazy\" width=\"1024\" height=\"768\" src=\"https:\/\/wedecorsdesign.com\/wp-content\/uploads\/2023\/10\/salon-de-belleza-Sin-Nombre-20231020-134154-1024x768.jpg\" alt=\"\" class=\"wp-image-56\" style=\"aspect-ratio:1.3333333333333333;width:553px;height:auto\" srcset=\"https:\/\/wedecorsdesign.com\/wp-content\/uploads\/2023\/10\/salon-de-belleza-Sin-Nombre-20231020-134154-1024x768.jpg 1024w, https:\/\/wedecorsdesign.com\/wp-content\/uploads\/2023\/10\/salon-de-belleza-Sin-Nombre-20231020-134154-300x225.jpg 300w, https:\/\/wedecorsdesign.com\/wp-content\/uploads\/2023\/10\/salon-de-belleza-Sin-Nombre-20231020-134154-768x576.jpg 768w, https:\/\/wedecorsdesign.com\/wp-content\/uploads\/2023\/10\/salon-de-belleza-Sin-Nombre-20231020-134154-1536x1152.jpg 1536w, https:\/\/wedecorsdesign.com\/wp-content\/uploads\/2023\/10\/salon-de-belleza-Sin-Nombre-20231020-134154-2048x1536.jpg 2048w\" sizes=\"(max-width: 1024px) 100vw, 1024px\" \/><\/figure>\n<\/div>\n<\/div>\n\n\n\n<div class=\"wp-block-column is-layout-flow wp-block-column-is-layout-flow\" style=\"flex-basis:50%\">\n<div class=\"wp-block-uagb-info-box uagb-block-4f70d653 uagb-infobox__content-wrap  uagb-infobox-icon-above-title uagb-infobox-image-valign-top\"><div class=\"uagb-ifb-content\"><div class=\"uagb-ifb-title-wrap\"><h1 class=\"uagb-ifb-title\">Servicios <\/h1><\/div><p class=\"uagb-ifb-desc\">Remodelaci\u00f3n y readecuaci\u00f3n de espacios.<br>Dise\u00f1o de exteriores, fachadas, paisajismo &amp; jardiner\u00eda.<br>Dise\u00f1o y Fabricaci\u00f3n de mobiliarios personalizados, cocinas, walking closets.<br>Dise\u00f1o Comercial y Turistico.<br>Dise\u00f1o de habitaciones especiales: tem\u00e1ticas, cine, estudios, bibliotecas, spas, gimnasios.<br>Retail Design y Visual Merchandasing.<br>Decoraciones generales de los espacios, b\u00fasqueda de revestimientos y elementos necesarios.<br>Modelado y renderizado para eventos sociales y corporativos.<br>Supervisi\u00f3n de obra.<\/p><\/div><\/div>\n<\/div>\n<\/div>\n<\/div><\/div>\n","protected":false},"excerpt":{"rendered":"<p>Servicios En We Decors, ofrecemos una gama de servicios que incluyen dise\u00f1o arquitect\u00f3nico, dise\u00f1o de interiores y visualizaci\u00f3n arquitect\u00f3nica tanto para proyectos comerciales, residenciales, corporativos y eventos (modelado 3D y renderizado). Ofrecemos asesor\u00edas virtuales y f\u00edsicas en diferentes pa\u00edses. Estamos comprometidos a superar las expectativas de nuestros clientes y a materializar sus ideas en proyectos &hellip;<\/p>\n<p class=\"read-more\"> <a class=\"\" href=\"https:\/\/wedecorsdesign.com\/index.php\/servicios\/\"> <span class=\"screen-reader-text\">Servicios<\/span> Read More &raquo;<\/a><\/p>\n","protected":false},"author":1,"featured_media":0,"parent":0,"menu_order":0,"comment_status":"closed","ping_status":"closed","template":"","meta":{"_uag_custom_page_level_css":"","site-sidebar-layout":"default","site-content-layout":"","ast-site-content-layout":"","site-content-style":"default","site-sidebar-style":"default","ast-global-header-display":"","ast-banner-title-visibility":"","ast-main-header-display":"","ast-hfb-above-header-display":"","ast-hfb-below-header-display":"","ast-hfb-mobile-header-display":"","site-post-title":"disabled","ast-breadcrumbs-content":"","ast-featured-img":"","footer-sml-layout":"","theme-transparent-header-meta":"","adv-header-id-meta":"","stick-header-meta":"","header-above-stick-meta":"","header-main-stick-meta":"","header-below-stick-meta":"","astra-migrate-meta-layouts":"","footnotes":""},"uagb_featured_image_src":{"full":false,"thumbnail":false,"medium":false,"medium_large":false,"large":false,"1536x1536":false,"2048x2048":false},"uagb_author_info":{"display_name":"wedecors","author_link":"https:\/\/wedecorsdesign.com\/index.php\/author\/wedecors\/"},"uagb_comment_info":0,"uagb_excerpt":"Servicios En We Decors, ofrecemos una gama de servicios que incluyen dise\u00f1o arquitect\u00f3nico, dise\u00f1o de interiores y visualizaci\u00f3n arquitect\u00f3nica tanto para proyectos comerciales, residenciales, corporativos y eventos (modelado 3D y renderizado). Ofrecemos asesor\u00edas virtuales y f\u00edsicas en diferentes pa\u00edses. Estamos comprometidos a superar las expectativas de nuestros clientes y a materializar sus ideas en proyectos&hellip;","_links":{"self":[{"href":"https:\/\/wedecorsdesign.com\/index.php\/wp-json\/wp\/v2\/pages\/109"}],"collection":[{"href":"https:\/\/wedecorsdesign.com\/index.php\/wp-json\/wp\/v2\/pages"}],"about":[{"href":"https:\/\/wedecorsdesign.com\/index.php\/wp-json\/wp\/v2\/types\/page"}],"author":[{"embeddable":true,"href":"https:\/\/wedecorsdesign.com\/index.php\/wp-json\/wp\/v2\/users\/1"}],"replies":[{"embeddable":true,"href":"https:\/\/wedecorsdesign.com\/index.php\/wp-json\/wp\/v2\/comments?post=109"}],"version-history":[{"count":14,"href":"https:\/\/wedecorsdesign.com\/index.php\/wp-json\/wp\/v2\/pages\/109\/revisions"}],"predecessor-version":[{"id":276,"href":"https:\/\/wedecorsdesign.com\/index.php\/wp-json\/wp\/v2\/pages\/109\/revisions\/276"}],"wp:attachment":[{"href":"https:\/\/wedecorsdesign.com\/index.php\/wp-json\/wp\/v2\/media?parent=109"}],"curies":[{"name":"wp","href":"https:\/\/api.w.org\/{rel}","templated":true}]}}