{"id":14,"date":"2023-10-20T23:33:11","date_gmt":"2023-10-20T21:33:11","guid":{"rendered":"https:\/\/wedecorsdesign.com\/?page_id=14"},"modified":"2023-10-23T20:44:49","modified_gmt":"2023-10-23T18:44:49","slug":"contacto","status":"publish","type":"page","link":"https:\/\/wedecorsdesign.com\/index.php\/contacto\/","title":{"rendered":"Contacto"},"content":{"rendered":"\n<div class=\"wp-block-uagb-container uagb-block-d41007b3 alignfull uagb-is-root-container\"><div class=\"uagb-container-inner-blocks-wrap\">\n<div class=\"wp-block-uagb-advanced-heading uagb-block-0b7dc4ce\"><h1 class=\"uagb-heading-text\">Cont\u00e1ctanos\u200b<\/h1><\/div>\n<\/div><\/div>\n\n\n\n<div class=\"wp-block-uagb-container uagb-block-d82eb069 alignfull uagb-is-root-container\"><div class=\"uagb-container-inner-blocks-wrap\">\n<div class=\"wp-block-uagb-container uagb-block-a995095c\">\n<div class=\"wp-block-uagb-advanced-heading uagb-block-e8c90461\"><h2 class=\"uagb-heading-text\">Hablemos sobre tu espacio!\u200b<\/h2><p class=\"uagb-desc-text\">Escr\u00edbenos para hablar sobre tus ideas para as\u00ed proyectar aquello que deseas a trav\u00e9s de modelados tridimensionales que nos permiten acercanos a la realidad de tus proyectos. <\/p><\/div>\n\n\n\n<div class=\"wp-block-uagb-icon-list uagb-block-a612e866\"><div class=\"uagb-icon-list__wrap\">\n<div class=\"wp-block-uagb-icon-list-child uagb-block-0ab6f6c4\"><a target=\"_self\" aria-label=\"Consultas Gratis\u200b\" rel=\"noopener noreferrer\" href=\"#\"> <\/a><span class=\"uagb-icon-list__source-wrap\"><svg xmlns=\"https:\/\/www.w3.org\/2000\/svg\" viewBox=\"0 0 512 512\"><path d=\"M0 256C0 114.6 114.6 0 256 0C397.4 0 512 114.6 512 256C512 397.4 397.4 512 256 512C114.6 512 0 397.4 0 256zM256 352C309 352 352 309 352 256C352 202.1 309 160 256 160C202.1 160 160 202.1 160 256C160 309 202.1 352 256 352z\"><\/path><\/svg><\/span><span class=\"uagb-icon-list__label\">Consultas Gratis\u200b<\/span><\/div>\n\n\n\n<div class=\"wp-block-uagb-icon-list-child uagb-block-0c5f0d78\"><a target=\"_self\" aria-label=\"Levantamientos\u200b\" rel=\"noopener noreferrer\" href=\"#\"> <\/a><span class=\"uagb-icon-list__source-wrap\"><svg xmlns=\"https:\/\/www.w3.org\/2000\/svg\" viewBox=\"0 0 512 512\"><path d=\"M0 256C0 114.6 114.6 0 256 0C397.4 0 512 114.6 512 256C512 397.4 397.4 512 256 512C114.6 512 0 397.4 0 256zM256 352C309 352 352 309 352 256C352 202.1 309 160 256 160C202.1 160 160 202.1 160 256C160 309 202.1 352 256 352z\"><\/path><\/svg><\/span><span class=\"uagb-icon-list__label\">Levantamientos\u200b<\/span><\/div>\n\n\n\n<div class=\"wp-block-uagb-icon-list-child uagb-block-6c6887e5\"><a target=\"_self\" aria-label=\"Uso de \u00faltimas Tecnolog\u00edas\" rel=\"noopener noreferrer\" href=\"#\"> <\/a><span class=\"uagb-icon-list__source-wrap\"><svg xmlns=\"https:\/\/www.w3.org\/2000\/svg\" viewBox=\"0 0 512 512\"><path d=\"M0 256C0 114.6 114.6 0 256 0C397.4 0 512 114.6 512 256C512 397.4 397.4 512 256 512C114.6 512 0 397.4 0 256zM256 352C309 352 352 309 352 256C352 202.1 309 160 256 160C202.1 160 160 202.1 160 256C160 309 202.1 352 256 352z\"><\/path><\/svg><\/span><span class=\"uagb-icon-list__label\">Uso de \u00faltimas Tecnolog\u00edas<\/span><\/div>\n\n\n\n<div class=\"wp-block-uagb-icon-list-child uagb-block-9eb4e0a8\"><a target=\"_self\" aria-label=\"Construcciones eco Amigables \" rel=\"noopener noreferrer\" href=\"#\"> <\/a><span class=\"uagb-icon-list__source-wrap\"><svg xmlns=\"https:\/\/www.w3.org\/2000\/svg\" viewBox=\"0 0 512 512\"><path d=\"M0 256C0 114.6 114.6 0 256 0C397.4 0 512 114.6 512 256C512 397.4 397.4 512 256 512C114.6 512 0 397.4 0 256zM256 352C309 352 352 309 352 256C352 202.1 309 160 256 160C202.1 160 160 202.1 160 256C160 309 202.1 352 256 352z\"><\/path><\/svg><\/span><span class=\"uagb-icon-list__label\">Construcciones eco Amigables <\/span><\/div>\n<\/div><\/div>\n<\/div>\n\n\n\n<div class=\"wp-block-uagb-container uagb-block-68a2fd60\">\n<div class=\"wp-block-uagb-image alignright uagb-block-bd487752 wp-block-uagb-image--layout-default wp-block-uagb-image--effect-static wp-block-uagb-image--align-right\"><figure class=\"wp-block-uagb-image__figure\"><img decoding=\"async\" srcset=\"https:\/\/wedecorsdesign.com\/wp-content\/uploads\/2023\/10\/marco-imagen-junto-sillon-terciopelo-scaled.jpg ,https:\/\/wedecorsdesign.com\/wp-content\/uploads\/2023\/10\/marco-imagen-junto-sillon-terciopelo-scaled.jpg 780w, https:\/\/wedecorsdesign.com\/wp-content\/uploads\/2023\/10\/marco-imagen-junto-sillon-terciopelo-scaled.jpg 360w\" sizes=\"(max-width: 480px) 150px\" src=\"https:\/\/wedecorsdesign.com\/wp-content\/uploads\/2023\/10\/marco-imagen-junto-sillon-terciopelo-scaled.jpg\" alt=\"\" class=\"uag-image-70\" width=\"1709\" height=\"2560\" title=\"\" loading=\"lazy\"\/><\/figure><\/div>\n<\/div>\n<\/div><\/div>\n\n\n\n<div class=\"wp-block-uagb-container uagb-block-2c4c8456 alignfull uagb-is-root-container\"><div class=\"uagb-container-inner-blocks-wrap\">\n<div class=\"wp-block-uagb-container uagb-block-c49c96f7\">\n<div class=\"wp-block-uagb-container uagb-block-e175ef96\">\n<div class=\"wp-block-uagb-info-box uagb-block-4533dfea uagb-infobox__content-wrap  uagb-infobox-icon-above-title uagb-infobox-image-valign-top\"><div class=\"uagb-ifb-content\"><div class=\"uagb-ifb-icon-wrap\"><div class=\"uagb-iconbox-icon-wrap uagb-infobox-shape-circle\"><svg xmlns=\"https:\/\/www.w3.org\/2000\/svg\" viewBox=\"0 0 384 512\"><path d=\"M168.3 499.2C116.1 435 0 279.4 0 192C0 85.96 85.96 0 192 0C298 0 384 85.96 384 192C384 279.4 267 435 215.7 499.2C203.4 514.5 180.6 514.5 168.3 499.2H168.3zM192 256C227.3 256 256 227.3 256 192C256 156.7 227.3 128 192 128C156.7 128 128 156.7 128 192C128 227.3 156.7 256 192 256z\"><\/path><\/svg><\/div><\/div><div class=\"uagb-ifb-title-wrap\"><h3 class=\"uagb-ifb-title\">Direcci\u00f3n\u200b<\/h3><\/div><p class=\"uagb-ifb-desc\">Ave. Dr. Fernando Arturo Defill\u00f3 #47<br>Ensanche Quisqueya. Santo Domingo. Rep. Dominicana. <\/p><\/div><\/div>\n<\/div>\n\n\n\n<div class=\"wp-block-uagb-container uagb-block-5f7adc53\">\n<div class=\"wp-block-uagb-info-box uagb-block-d5c943e8 uagb-infobox__content-wrap  uagb-infobox-icon-above-title uagb-infobox-image-valign-top\"><div class=\"uagb-ifb-content\"><div class=\"uagb-ifb-icon-wrap\"><div class=\"uagb-iconbox-icon-wrap uagb-infobox-shape-circle\"><svg xmlns=\"https:\/\/www.w3.org\/2000\/svg\" viewBox=\"0 0 512 512\"><path d=\"M464 64C490.5 64 512 85.49 512 112C512 127.1 504.9 141.3 492.8 150.4L275.2 313.6C263.8 322.1 248.2 322.1 236.8 313.6L19.2 150.4C7.113 141.3 0 127.1 0 112C0 85.49 21.49 64 48 64H464zM217.6 339.2C240.4 356.3 271.6 356.3 294.4 339.2L512 176V384C512 419.3 483.3 448 448 448H64C28.65 448 0 419.3 0 384V176L217.6 339.2z\"><\/path><\/svg><\/div><\/div><div class=\"uagb-ifb-title-wrap\"><h3 class=\"uagb-ifb-title\">Email Us\u200b<\/h3><\/div><p class=\"uagb-ifb-desc\">info@wedecorsdesign.com <br><\/p><\/div><\/div>\n<\/div>\n\n\n\n<div class=\"wp-block-uagb-container uagb-block-72701849\">\n<div class=\"wp-block-uagb-info-box uagb-block-f05574ca uagb-infobox__content-wrap  uagb-infobox-icon-above-title uagb-infobox-image-valign-top\"><div class=\"uagb-ifb-content\"><div class=\"uagb-ifb-icon-wrap\"><div class=\"uagb-iconbox-icon-wrap uagb-infobox-shape-circle\"><svg xmlns=\"https:\/\/www.w3.org\/2000\/svg\" viewBox=\"0 0 512 512\"><path d=\"M18.92 351.2l108.5-46.52c12.78-5.531 27.77-1.801 36.45 8.98l44.09 53.82c69.25-34 125.5-90.31 159.5-159.5l-53.81-44.04c-10.75-8.781-14.41-23.69-8.974-36.47l46.51-108.5c6.094-13.91 21.1-21.52 35.79-18.11l100.8 23.25c14.25 3.25 24.22 15.8 24.22 30.46c0 252.3-205.2 457.5-457.5 457.5c-14.67 0-27.18-9.968-30.45-24.22l-23.25-100.8C-2.571 372.4 5.018 357.2 18.92 351.2z\"><\/path><\/svg><\/div><\/div><div class=\"uagb-ifb-title-wrap\"><h3 class=\"uagb-ifb-title\">Ll\u00e1manos\u200b<\/h3><\/div><p class=\"uagb-ifb-desc\">+1-829-546-4576<\/p><\/div><\/div>\n<\/div>\n<\/div>\n<\/div><\/div>\n\n\n\n<div class=\"wp-block-uagb-container uagb-block-5cb42846 alignfull uagb-is-root-container\">\t\t\t<div \n\t\t\tclass=\"wp-block-uagb-google-map uagb-google-map__wrap uagb-block-483103ef     wp-block-uagb-google-map uagb-google-map__wrap uagb-block-483103ef\"\n\t\t\tstyle=\"\" >\n\t\t\t\t<iframe\n\t\t\t\t\tclass=\"uagb-google-map__iframe\"\n\t\t\t\t\ttitle=\"Google Map for \"\n\t\t\t\t\tsrc=\"https:\/\/maps.google.com\/maps?q=dr%20fernando%20defillo%20%2047&#038;z=15&#038;hl=en&#038;t=m&#038;output=embed&#038;iwloc=near\"\n\t\t\t\t\twidth=\"640\"\n\t\t\t\t\theight=\"450\"\n\t\t\t\t\tloading=\"lazy\"\n\t\t\t\t><\/iframe>\n\t\t\t<\/div>\n\t\t\t<\/div>\n","protected":false},"excerpt":{"rendered":"<p>Cont\u00e1ctanos\u200b Hablemos sobre tu espacio!\u200b Escr\u00edbenos para hablar sobre tus ideas para as\u00ed proyectar aquello que deseas a trav\u00e9s de modelados tridimensionales que nos permiten acercanos a la realidad de tus proyectos.<\/p>\n","protected":false},"author":1,"featured_media":0,"parent":0,"menu_order":0,"comment_status":"closed","ping_status":"closed","template":"","meta":{"_uag_custom_page_level_css":"","site-sidebar-layout":"default","site-content-layout":"","ast-site-content-layout":"","site-content-style":"default","site-sidebar-style":"default","ast-global-header-display":"","ast-banner-title-visibility":"","ast-main-header-display":"","ast-hfb-above-header-display":"","ast-hfb-below-header-display":"","ast-hfb-mobile-header-display":"","site-post-title":"disabled","ast-breadcrumbs-content":"","ast-featured-img":"","footer-sml-layout":"","theme-transparent-header-meta":"","adv-header-id-meta":"","stick-header-meta":"","header-above-stick-meta":"","header-main-stick-meta":"","header-below-stick-meta":"","astra-migrate-meta-layouts":"","footnotes":""},"uagb_featured_image_src":{"full":false,"thumbnail":false,"medium":false,"medium_large":false,"large":false,"1536x1536":false,"2048x2048":false},"uagb_author_info":{"display_name":"wedecors","author_link":"https:\/\/wedecorsdesign.com\/index.php\/author\/wedecors\/"},"uagb_comment_info":0,"uagb_excerpt":"Cont\u00e1ctanos\u200b Hablemos sobre tu espacio!\u200b Escr\u00edbenos para hablar sobre tus ideas para as\u00ed proyectar aquello que deseas a trav\u00e9s de modelados tridimensionales que nos permiten acercanos a la realidad de tus proyectos.","_links":{"self":[{"href":"https:\/\/wedecorsdesign.com\/index.php\/wp-json\/wp\/v2\/pages\/14"}],"collection":[{"href":"https:\/\/wedecorsdesign.com\/index.php\/wp-json\/wp\/v2\/pages"}],"about":[{"href":"https:\/\/wedecorsdesign.com\/index.php\/wp-json\/wp\/v2\/types\/page"}],"author":[{"embeddable":true,"href":"https:\/\/wedecorsdesign.com\/index.php\/wp-json\/wp\/v2\/users\/1"}],"replies":[{"embeddable":true,"href":"https:\/\/wedecorsdesign.com\/index.php\/wp-json\/wp\/v2\/comments?post=14"}],"version-history":[{"count":6,"href":"https:\/\/wedecorsdesign.com\/index.php\/wp-json\/wp\/v2\/pages\/14\/revisions"}],"predecessor-version":[{"id":246,"href":"https:\/\/wedecorsdesign.com\/index.php\/wp-json\/wp\/v2\/pages\/14\/revisions\/246"}],"wp:attachment":[{"href":"https:\/\/wedecorsdesign.com\/index.php\/wp-json\/wp\/v2\/media?parent=14"}],"curies":[{"name":"wp","href":"https:\/\/api.w.org\/{rel}","templated":true}]}}