{"id":2,"date":"2023-10-20T23:25:58","date_gmt":"2023-10-20T21:25:58","guid":{"rendered":"http:\/\/wedecorsdesign.com\/?page_id=2"},"modified":"2023-10-23T20:43:17","modified_gmt":"2023-10-23T18:43:17","slug":"pagina-ejemplo","status":"publish","type":"page","link":"https:\/\/wedecorsdesign.com\/","title":{"rendered":"Inicio"},"content":{"rendered":"\n<div class=\"wp-block-uagb-container uagb-block-c2c81d86 alignfull uagb-is-root-container\"><div class=\"uagb-container-inner-blocks-wrap\">\n<div class=\"wp-block-uagb-container uagb-block-9f2cbec9\">\n<div class=\"wp-block-uagb-advanced-heading uagb-block-1e5194a0\"><h1 class=\"uagb-heading-text\">Dise\u00f1o de Interiores<\/h1><p class=\"uagb-desc-text\">Dise\u00f1amos todo tipo de espacios comerciales<strong>.<\/strong><\/p><\/div>\n<\/div>\n<\/div><\/div>\n\n\n\n<div class=\"wp-block-uagb-container uagb-block-029c2371 alignfull uagb-is-root-container\"><div class=\"uagb-container-inner-blocks-wrap\">\n<div class=\"wp-block-uagb-container uagb-block-179dda31\">\n<div class=\"wp-block-uagb-image uagb-block-1c60cbb2 wp-block-uagb-image--layout-default wp-block-uagb-image--effect-static wp-block-uagb-image--align-none\"><figure class=\"wp-block-uagb-image__figure\"><img decoding=\"async\" srcset=\"https:\/\/wedecorsdesign.com\/wp-content\/uploads\/2023\/10\/Proyecto-sin-nombre-Sin-nombre-20231019-085759-2-1024x768.jpg ,https:\/\/wedecorsdesign.com\/wp-content\/uploads\/2023\/10\/Proyecto-sin-nombre-Sin-nombre-20231019-085759-2-scaled.jpg 780w, https:\/\/wedecorsdesign.com\/wp-content\/uploads\/2023\/10\/Proyecto-sin-nombre-Sin-nombre-20231019-085759-2-scaled.jpg 360w\" sizes=\"(max-width: 480px) 150px\" src=\"https:\/\/wedecorsdesign.com\/wp-content\/uploads\/2023\/10\/Proyecto-sin-nombre-Sin-nombre-20231019-085759-2-1024x768.jpg\" alt=\"\" class=\"uag-image-54\" width=\"1024\" height=\"768\" title=\"\" loading=\"lazy\"\/><\/figure><\/div>\n<\/div>\n\n\n\n<div class=\"wp-block-uagb-container uagb-block-555a1697\">\n<div class=\"wp-block-uagb-advanced-heading uagb-block-1ff946fb\"><h2 class=\"uagb-heading-text\">Nuevos Proyectos<\/h2><\/div>\n\n\n\n<div class=\"wp-block-uagb-info-box uagb-block-8ff472ba uagb-infobox__content-wrap  uagb-infobox-icon-above-title uagb-infobox-image-valign-top\"><div class=\"uagb-ifb-content\"><div class=\"uagb-ifb-title-wrap\"><\/div><div class=\"uagb-ifb-separator\"><\/div><\/div><\/div>\n\n\n\n<div class=\"wp-block-uagb-container uagb-block-47bbdfcd\">\n<div class=\"wp-block-uagb-advanced-heading uagb-block-d2ebe25a\"><h3 class=\"uagb-heading-text\">Dise\u00f1o para sal\u00f3n de TV.<\/h3><\/div>\n<\/div>\n<\/div>\n<\/div><\/div>\n\n\n\n<div style=\"height:23px\" aria-hidden=\"true\" class=\"wp-block-spacer\"><\/div>\n\n\n\n<div style=\"height:19px\" aria-hidden=\"true\" class=\"wp-block-spacer\"><\/div>\n\n\n\n<div class=\"wp-block-uagb-container uagb-block-c3706a7a alignfull uagb-is-root-container\"><div class=\"uagb-container-inner-blocks-wrap\">\n<div class=\"wp-block-uagb-info-box uagb-block-2ba8fcfd uagb-infobox__content-wrap  uagb-infobox-icon-above-title uagb-infobox-image-valign-top\"><div class=\"uagb-ifb-content\"><div class=\"uagb-ifb-title-wrap\"><span class=\"uagb-ifb-title-prefix\">Cont\u00e1ctanos<\/span><h2 class=\"uagb-ifb-title\">Info@wedecorsdesign.com<\/h2><\/div><div class=\"uagb-ifb-button-wrapper wp-block-button\"><a href=\"\/\/api.whatsapp.com\/send?phone=18295464576\" class=\"uagb-infobox-cta-link wp-block-button__link\" target=\"_self\" rel=\"noopener noreferrer\" onclick=\"return true;\" alt=\"\"><span class=\"uagb-inline-editing\">WhatsApp<\/span><\/a><\/div><\/div><\/div>\n<\/div><\/div>\n","protected":false},"excerpt":{"rendered":"<p>Dise\u00f1o de Interiores Dise\u00f1amos todo tipo de espacios comerciales. Nuevos Proyectos Dise\u00f1o para sal\u00f3n de TV.<\/p>\n","protected":false},"author":1,"featured_media":0,"parent":0,"menu_order":0,"comment_status":"closed","ping_status":"open","template":"","meta":{"_uag_custom_page_level_css":"","site-sidebar-layout":"default","site-content-layout":"","ast-site-content-layout":"","site-content-style":"default","site-sidebar-style":"default","ast-global-header-display":"","ast-banner-title-visibility":"","ast-main-header-display":"","ast-hfb-above-header-display":"","ast-hfb-below-header-display":"","ast-hfb-mobile-header-display":"","site-post-title":"disabled","ast-breadcrumbs-content":"","ast-featured-img":"","footer-sml-layout":"","theme-transparent-header-meta":"","adv-header-id-meta":"","stick-header-meta":"","header-above-stick-meta":"","header-main-stick-meta":"","header-below-stick-meta":"","astra-migrate-meta-layouts":"","footnotes":""},"uagb_featured_image_src":{"full":false,"thumbnail":false,"medium":false,"medium_large":false,"large":false,"1536x1536":false,"2048x2048":false},"uagb_author_info":{"display_name":"wedecors","author_link":"https:\/\/wedecorsdesign.com\/index.php\/author\/wedecors\/"},"uagb_comment_info":0,"uagb_excerpt":"Dise\u00f1o de Interiores Dise\u00f1amos todo tipo de espacios comerciales. Nuevos Proyectos Dise\u00f1o para sal\u00f3n de TV.","_links":{"self":[{"href":"https:\/\/wedecorsdesign.com\/index.php\/wp-json\/wp\/v2\/pages\/2"}],"collection":[{"href":"https:\/\/wedecorsdesign.com\/index.php\/wp-json\/wp\/v2\/pages"}],"about":[{"href":"https:\/\/wedecorsdesign.com\/index.php\/wp-json\/wp\/v2\/types\/page"}],"author":[{"embeddable":true,"href":"https:\/\/wedecorsdesign.com\/index.php\/wp-json\/wp\/v2\/users\/1"}],"replies":[{"embeddable":true,"href":"https:\/\/wedecorsdesign.com\/index.php\/wp-json\/wp\/v2\/comments?post=2"}],"version-history":[{"count":12,"href":"https:\/\/wedecorsdesign.com\/index.php\/wp-json\/wp\/v2\/pages\/2\/revisions"}],"predecessor-version":[{"id":259,"href":"https:\/\/wedecorsdesign.com\/index.php\/wp-json\/wp\/v2\/pages\/2\/revisions\/259"}],"wp:attachment":[{"href":"https:\/\/wedecorsdesign.com\/index.php\/wp-json\/wp\/v2\/media?parent=2"}],"curies":[{"name":"wp","href":"https:\/\/api.w.org\/{rel}","templated":true}]}}